{"id":2378,"date":"2026-04-13T15:25:25","date_gmt":"2026-04-13T13:25:25","guid":{"rendered":"https:\/\/stadtwaldweb.de\/?page_id=2378"},"modified":"2026-04-13T15:59:38","modified_gmt":"2026-04-13T13:59:38","slug":"portfolio-maerchen-hexe-holunder","status":"publish","type":"page","link":"https:\/\/stadtwaldweb.de\/index.php\/start-2\/portfolio-maerchen-hexe-holunder\/","title":{"rendered":"Hexe Holunder"},"content":{"rendered":"\n<div class=\"wp-block-group alignfull has-global-padding is-layout-constrained wp-block-group-is-layout-constrained\">\n<p><a href=\"https:\/\/stadtwaldweb.de\"><svg class=\"genericon genericond-genericons-neue genericons-neue-close genericond-genericons-neue-2x genericond-rotate-normal\" style=\"fill:inherit;\" title=\"close\" role=\"img\" aria-labelledby=\"title\"><use xlink:href=\"https:\/\/stadtwaldweb.de\/wp-content\/plugins\/genericond\/\/icons\/genericons-neue\/svg-sprite\/genericons-neue.svg#close\" \/><\/svg><\/a><\/p>\n\n\n\n<h2 class=\"wp-block-heading\">Hexe Holunder und Gang<\/h2>\n\n\n\n<p><strong>Projekt: <\/strong>Modernes M\u00e4rchen, Characterdesign. Hexe Holunder, der ein\u00e4ugige Frosch und der Wolf mit der Supersp\u00fcrnase haben noch einiges vor. Aber zuerst muss eine mysteri\u00f6se Schneckenplage einged\u00e4mmt werden. Freie Arbeit.<\/p>\n<\/div>\n\n\n\n<figure class=\"wp-block-image size-large\"><a href=\"https:\/\/stadtwaldweb.de\/wp-content\/uploads\/2026\/04\/portfolio_barbara-hermanowski_characterdesign-hexe-holunder-scaled.png\"><img loading=\"lazy\" decoding=\"async\" width=\"1024\" height=\"688\" src=\"https:\/\/stadtwaldweb.de\/wp-content\/uploads\/2026\/04\/portfolio_barbara-hermanowski_characterdesign-hexe-holunder-1024x688.png\" alt=\"\" class=\"wp-image-2385\" srcset=\"https:\/\/stadtwaldweb.de\/wp-content\/uploads\/2026\/04\/portfolio_barbara-hermanowski_characterdesign-hexe-holunder-1024x688.png 1024w, https:\/\/stadtwaldweb.de\/wp-content\/uploads\/2026\/04\/portfolio_barbara-hermanowski_characterdesign-hexe-holunder-300x202.png 300w, https:\/\/stadtwaldweb.de\/wp-content\/uploads\/2026\/04\/portfolio_barbara-hermanowski_characterdesign-hexe-holunder-768x516.png 768w, https:\/\/stadtwaldweb.de\/wp-content\/uploads\/2026\/04\/portfolio_barbara-hermanowski_characterdesign-hexe-holunder-1536x1033.png 1536w, https:\/\/stadtwaldweb.de\/wp-content\/uploads\/2026\/04\/portfolio_barbara-hermanowski_characterdesign-hexe-holunder-2048x1377.png 2048w\" sizes=\"auto, (max-width: 1024px) 100vw, 1024px\" \/><\/a><\/figure>\n\n\n\n<figure class=\"wp-block-image size-large\"><a href=\"https:\/\/stadtwaldweb.de\/wp-content\/uploads\/2026\/04\/portfolio_barbara-hermanowski_maeerchen-salamander-1.png\"><img loading=\"lazy\" decoding=\"async\" width=\"1024\" height=\"713\" src=\"https:\/\/stadtwaldweb.de\/wp-content\/uploads\/2026\/04\/portfolio_barbara-hermanowski_maeerchen-salamander-1-1024x713.png\" alt=\"\" class=\"wp-image-2393\" srcset=\"https:\/\/stadtwaldweb.de\/wp-content\/uploads\/2026\/04\/portfolio_barbara-hermanowski_maeerchen-salamander-1-1024x713.png 1024w, https:\/\/stadtwaldweb.de\/wp-content\/uploads\/2026\/04\/portfolio_barbara-hermanowski_maeerchen-salamander-1-300x209.png 300w, https:\/\/stadtwaldweb.de\/wp-content\/uploads\/2026\/04\/portfolio_barbara-hermanowski_maeerchen-salamander-1-768x535.png 768w, https:\/\/stadtwaldweb.de\/wp-content\/uploads\/2026\/04\/portfolio_barbara-hermanowski_maeerchen-salamander-1-1536x1069.png 1536w, https:\/\/stadtwaldweb.de\/wp-content\/uploads\/2026\/04\/portfolio_barbara-hermanowski_maeerchen-salamander-1.png 1800w\" sizes=\"auto, (max-width: 1024px) 100vw, 1024px\" \/><\/a><\/figure>\n\n\n\n<p><\/p>\n","protected":false},"excerpt":{"rendered":"<p>Hexe Holunder und Gang Projekt: Modernes M\u00e4rchen, Characterdesign. Hexe Holunder, der ein\u00e4ugige Frosch und der Wolf mit der Supersp\u00fcrnase haben noch einiges vor. Aber zuerst muss eine mysteri\u00f6se Schneckenplage einged\u00e4mmt werden. Freie Arbeit.<\/p>\n","protected":false},"author":1,"featured_media":0,"parent":2,"menu_order":1,"comment_status":"closed","ping_status":"closed","template":"","meta":{"_themeisle_gutenberg_block_has_review":false,"footnotes":""},"class_list":["post-2378","page","type-page","status-publish","hentry"],"_links":{"self":[{"href":"https:\/\/stadtwaldweb.de\/index.php\/wp-json\/wp\/v2\/pages\/2378","targetHints":{"allow":["GET"]}}],"collection":[{"href":"https:\/\/stadtwaldweb.de\/index.php\/wp-json\/wp\/v2\/pages"}],"about":[{"href":"https:\/\/stadtwaldweb.de\/index.php\/wp-json\/wp\/v2\/types\/page"}],"author":[{"embeddable":true,"href":"https:\/\/stadtwaldweb.de\/index.php\/wp-json\/wp\/v2\/users\/1"}],"replies":[{"embeddable":true,"href":"https:\/\/stadtwaldweb.de\/index.php\/wp-json\/wp\/v2\/comments?post=2378"}],"version-history":[{"count":9,"href":"https:\/\/stadtwaldweb.de\/index.php\/wp-json\/wp\/v2\/pages\/2378\/revisions"}],"predecessor-version":[{"id":2396,"href":"https:\/\/stadtwaldweb.de\/index.php\/wp-json\/wp\/v2\/pages\/2378\/revisions\/2396"}],"up":[{"embeddable":true,"href":"https:\/\/stadtwaldweb.de\/index.php\/wp-json\/wp\/v2\/pages\/2"}],"wp:attachment":[{"href":"https:\/\/stadtwaldweb.de\/index.php\/wp-json\/wp\/v2\/media?parent=2378"}],"curies":[{"name":"wp","href":"https:\/\/api.w.org\/{rel}","templated":true}]}}