{"id":2356,"date":"2026-04-13T13:30:20","date_gmt":"2026-04-13T11:30:20","guid":{"rendered":"https:\/\/stadtwaldweb.de\/?page_id=2356"},"modified":"2026-04-14T11:14:48","modified_gmt":"2026-04-14T09:14:48","slug":"portfolio-musik-larifari","status":"publish","type":"page","link":"https:\/\/stadtwaldweb.de\/index.php\/start-2\/portfolio-musik-larifari\/","title":{"rendered":"Musik Larifari"},"content":{"rendered":"\n<div class=\"wp-block-group alignfull has-global-padding is-layout-constrained wp-block-group-is-layout-constrained\">\n<p><a href=\"https:\/\/stadtwaldweb.de\"><svg class=\"genericon genericond-genericons-neue genericons-neue-close genericond-genericons-neue-2x genericond-rotate-normal\" style=\"fill:inherit;\" title=\"close\" role=\"img\" aria-labelledby=\"title\"><use xlink:href=\"https:\/\/stadtwaldweb.de\/wp-content\/plugins\/genericond\/\/icons\/genericons-neue\/svg-sprite\/genericons-neue.svg#close\" \/><\/svg><\/a><\/p>\n\n\n\n<h2 class=\"wp-block-heading\">Musik im Bild<\/h2>\n\n\n\n<p><strong>Projekt: <\/strong>Jeder und Jede &#8211; Das Bilderbuch zum Album, Label: hin und herr Produktionen, 2023. Ein Bilderbuch \u00fcber Vielfalt, Diversit\u00e4t und Inklusion. Mit 11 Illustrationen von 11 K\u00fcnstlerInnen zu 11 Kinderliedern.<\/p>\n\n\n\n<p>In der Illustration des Kinderliedes &#8222;Jeder und Jede&#8220; f\u00fcr <a href=\"https:\/\/www.larifari-musik.de\/shop\/\" target=\"_blank\" rel=\"noreferrer noopener\">Larifarimusik<\/a><svg class=\"genericon genericond-genericons-neue genericons-neue-external genericond-genericons-neue-1x genericond-rotate-normal\" style=\"fill:inherit;\" title=\"external\" role=\"img\" aria-labelledby=\"title\"><use xlink:href=\"https:\/\/stadtwaldweb.de\/wp-content\/plugins\/genericond\/\/icons\/genericons-neue\/svg-sprite\/genericons-neue.svg#external\" \/><\/svg> gibt es viele besondere Tiere zu entdecken &#8211; von B wie &#8222;Bananenkrokodil&#8220; bis W wie &#8222;Wasserschwein&#8220;. Einige davon gibt es wirklich, einige nur sprichw\u00f6rtlich (Bananenkrokodil, Beutelwolf, Ohrwurm, Seehase, Seepferdchen, Thermometerhuhn, Wasserschwein, Silberfischchen). <\/p>\n<\/div>\n\n\n\n<figure class=\"wp-block-image size-full\"><a href=\"https:\/\/stadtwaldweb.de\/wp-content\/uploads\/2026\/04\/portfolio_barbara-hermanowski_musik-larifari.png\"><img loading=\"lazy\" decoding=\"async\" width=\"842\" height=\"427\" src=\"https:\/\/stadtwaldweb.de\/wp-content\/uploads\/2026\/04\/portfolio_barbara-hermanowski_musik-larifari.png\" alt=\"\" class=\"wp-image-2357\" srcset=\"https:\/\/stadtwaldweb.de\/wp-content\/uploads\/2026\/04\/portfolio_barbara-hermanowski_musik-larifari.png 842w, https:\/\/stadtwaldweb.de\/wp-content\/uploads\/2026\/04\/portfolio_barbara-hermanowski_musik-larifari-300x152.png 300w, https:\/\/stadtwaldweb.de\/wp-content\/uploads\/2026\/04\/portfolio_barbara-hermanowski_musik-larifari-768x389.png 768w\" sizes=\"auto, (max-width: 842px) 100vw, 842px\" \/><\/a><\/figure>\n\n\n\n<p><\/p>\n","protected":false},"excerpt":{"rendered":"<p>Musik im Bild Projekt: Jeder und Jede &#8211; Das Bilderbuch zum Album, Label: hin und herr Produktionen, 2023. Ein Bilderbuch \u00fcber Vielfalt, Diversit\u00e4t und Inklusion. Mit 11 Illustrationen von 11 K\u00fcnstlerInnen zu 11 Kinderliedern. In der Illustration des Kinderliedes &#8222;Jeder und Jede&#8220; f\u00fcr Larifarimusik gibt es viele besondere Tiere zu entdecken &#8211; von B wie [&hellip;]<\/p>\n","protected":false},"author":1,"featured_media":0,"parent":2,"menu_order":1,"comment_status":"closed","ping_status":"closed","template":"","meta":{"_themeisle_gutenberg_block_has_review":false,"footnotes":""},"class_list":["post-2356","page","type-page","status-publish","hentry"],"_links":{"self":[{"href":"https:\/\/stadtwaldweb.de\/index.php\/wp-json\/wp\/v2\/pages\/2356","targetHints":{"allow":["GET"]}}],"collection":[{"href":"https:\/\/stadtwaldweb.de\/index.php\/wp-json\/wp\/v2\/pages"}],"about":[{"href":"https:\/\/stadtwaldweb.de\/index.php\/wp-json\/wp\/v2\/types\/page"}],"author":[{"embeddable":true,"href":"https:\/\/stadtwaldweb.de\/index.php\/wp-json\/wp\/v2\/users\/1"}],"replies":[{"embeddable":true,"href":"https:\/\/stadtwaldweb.de\/index.php\/wp-json\/wp\/v2\/comments?post=2356"}],"version-history":[{"count":8,"href":"https:\/\/stadtwaldweb.de\/index.php\/wp-json\/wp\/v2\/pages\/2356\/revisions"}],"predecessor-version":[{"id":2504,"href":"https:\/\/stadtwaldweb.de\/index.php\/wp-json\/wp\/v2\/pages\/2356\/revisions\/2504"}],"up":[{"embeddable":true,"href":"https:\/\/stadtwaldweb.de\/index.php\/wp-json\/wp\/v2\/pages\/2"}],"wp:attachment":[{"href":"https:\/\/stadtwaldweb.de\/index.php\/wp-json\/wp\/v2\/media?parent=2356"}],"curies":[{"name":"wp","href":"https:\/\/api.w.org\/{rel}","templated":true}]}}