{"id":2350,"date":"2026-04-13T13:14:00","date_gmt":"2026-04-13T11:14:00","guid":{"rendered":"https:\/\/stadtwaldweb.de\/?page_id=2350"},"modified":"2026-04-13T14:40:46","modified_gmt":"2026-04-13T12:40:46","slug":"portfolio-maerchen-rotkaeppchen","status":"publish","type":"page","link":"https:\/\/stadtwaldweb.de\/index.php\/start-2\/portfolio-maerchen-rotkaeppchen\/","title":{"rendered":"Rotk\u00e4ppchen"},"content":{"rendered":"\n<div class=\"wp-block-group alignfull has-global-padding is-layout-constrained wp-block-group-is-layout-constrained\">\n<p><a href=\"https:\/\/stadtwaldweb.de\"><svg class=\"genericon genericond-genericons-neue genericons-neue-close genericond-genericons-neue-2x genericond-rotate-normal\" style=\"fill:inherit;\" title=\"close\" role=\"img\" aria-labelledby=\"title\"><use xlink:href=\"https:\/\/stadtwaldweb.de\/wp-content\/plugins\/genericond\/\/icons\/genericons-neue\/svg-sprite\/genericons-neue.svg#close\" \/><\/svg><\/a><\/p>\n\n\n\n<h2 class=\"wp-block-heading\">Rotk\u00e4ppchen und die 7 Pilze<\/h2>\n\n\n\n<p><strong>Projekt: <\/strong>Modernes M\u00e4rchen; Szenen aus der Zaubertrankk\u00fcche. Freie Arbeit.<\/p>\n<\/div>\n\n\n\n<figure class=\"wp-block-image size-large\"><a href=\"https:\/\/stadtwaldweb.de\/wp-content\/uploads\/2026\/04\/portfolio_barbara-hermanowski_zaubertrank.png\"><img loading=\"lazy\" decoding=\"async\" width=\"1024\" height=\"713\" src=\"https:\/\/stadtwaldweb.de\/wp-content\/uploads\/2026\/04\/portfolio_barbara-hermanowski_zaubertrank-1024x713.png\" alt=\"\" class=\"wp-image-2352\" srcset=\"https:\/\/stadtwaldweb.de\/wp-content\/uploads\/2026\/04\/portfolio_barbara-hermanowski_zaubertrank-1024x713.png 1024w, https:\/\/stadtwaldweb.de\/wp-content\/uploads\/2026\/04\/portfolio_barbara-hermanowski_zaubertrank-300x209.png 300w, https:\/\/stadtwaldweb.de\/wp-content\/uploads\/2026\/04\/portfolio_barbara-hermanowski_zaubertrank-768x534.png 768w, https:\/\/stadtwaldweb.de\/wp-content\/uploads\/2026\/04\/portfolio_barbara-hermanowski_zaubertrank.png 1200w\" sizes=\"auto, (max-width: 1024px) 100vw, 1024px\" \/><\/a><\/figure>\n\n\n\n<figure class=\"wp-block-image size-large\"><a href=\"https:\/\/stadtwaldweb.de\/wp-content\/uploads\/2026\/04\/portfolio_barbara-hermanowski_zaubertrank-sw.png\"><img loading=\"lazy\" decoding=\"async\" width=\"1024\" height=\"713\" src=\"https:\/\/stadtwaldweb.de\/wp-content\/uploads\/2026\/04\/portfolio_barbara-hermanowski_zaubertrank-sw-1024x713.png\" alt=\"\" class=\"wp-image-2351\" srcset=\"https:\/\/stadtwaldweb.de\/wp-content\/uploads\/2026\/04\/portfolio_barbara-hermanowski_zaubertrank-sw-1024x713.png 1024w, https:\/\/stadtwaldweb.de\/wp-content\/uploads\/2026\/04\/portfolio_barbara-hermanowski_zaubertrank-sw-300x209.png 300w, https:\/\/stadtwaldweb.de\/wp-content\/uploads\/2026\/04\/portfolio_barbara-hermanowski_zaubertrank-sw-768x534.png 768w, https:\/\/stadtwaldweb.de\/wp-content\/uploads\/2026\/04\/portfolio_barbara-hermanowski_zaubertrank-sw.png 1200w\" sizes=\"auto, (max-width: 1024px) 100vw, 1024px\" \/><\/a><\/figure>\n\n\n\n<p><\/p>\n","protected":false},"excerpt":{"rendered":"<p>Rotk\u00e4ppchen und die 7 Pilze Projekt: Modernes M\u00e4rchen; Szenen aus der Zaubertrankk\u00fcche. Freie Arbeit.<\/p>\n","protected":false},"author":1,"featured_media":0,"parent":2,"menu_order":1,"comment_status":"closed","ping_status":"closed","template":"","meta":{"_themeisle_gutenberg_block_has_review":false,"footnotes":""},"class_list":["post-2350","page","type-page","status-publish","hentry"],"_links":{"self":[{"href":"https:\/\/stadtwaldweb.de\/index.php\/wp-json\/wp\/v2\/pages\/2350","targetHints":{"allow":["GET"]}}],"collection":[{"href":"https:\/\/stadtwaldweb.de\/index.php\/wp-json\/wp\/v2\/pages"}],"about":[{"href":"https:\/\/stadtwaldweb.de\/index.php\/wp-json\/wp\/v2\/types\/page"}],"author":[{"embeddable":true,"href":"https:\/\/stadtwaldweb.de\/index.php\/wp-json\/wp\/v2\/users\/1"}],"replies":[{"embeddable":true,"href":"https:\/\/stadtwaldweb.de\/index.php\/wp-json\/wp\/v2\/comments?post=2350"}],"version-history":[{"count":2,"href":"https:\/\/stadtwaldweb.de\/index.php\/wp-json\/wp\/v2\/pages\/2350\/revisions"}],"predecessor-version":[{"id":2371,"href":"https:\/\/stadtwaldweb.de\/index.php\/wp-json\/wp\/v2\/pages\/2350\/revisions\/2371"}],"up":[{"embeddable":true,"href":"https:\/\/stadtwaldweb.de\/index.php\/wp-json\/wp\/v2\/pages\/2"}],"wp:attachment":[{"href":"https:\/\/stadtwaldweb.de\/index.php\/wp-json\/wp\/v2\/media?parent=2350"}],"curies":[{"name":"wp","href":"https:\/\/api.w.org\/{rel}","templated":true}]}}