{"id":2,"date":"2026-01-01T11:46:01","date_gmt":"2026-01-01T11:46:01","guid":{"rendered":"https:\/\/demo.twentig.com\/business-starter\/?page_id=2"},"modified":"2026-04-15T11:05:06","modified_gmt":"2026-04-15T09:05:06","slug":"start-2","status":"publish","type":"page","link":"https:\/\/stadtwaldweb.de\/","title":{"rendered":"Start"},"content":{"rendered":"\n<figure class=\"wp-block-image alignfull\"><img loading=\"lazy\" decoding=\"async\" width=\"1024\" height=\"381\" src=\"https:\/\/stadtwaldweb.de\/wp-content\/uploads\/2026\/04\/stadtwald_illustration_header_drachen5-1024x381.png\" alt=\"\" class=\"wp-image-2421\" srcset=\"https:\/\/stadtwaldweb.de\/wp-content\/uploads\/2026\/04\/stadtwald_illustration_header_drachen5-1024x381.png 1024w, https:\/\/stadtwaldweb.de\/wp-content\/uploads\/2026\/04\/stadtwald_illustration_header_drachen5-300x112.png 300w, https:\/\/stadtwaldweb.de\/wp-content\/uploads\/2026\/04\/stadtwald_illustration_header_drachen5-768x285.png 768w, https:\/\/stadtwaldweb.de\/wp-content\/uploads\/2026\/04\/stadtwald_illustration_header_drachen5-1536x571.png 1536w, https:\/\/stadtwaldweb.de\/wp-content\/uploads\/2026\/04\/stadtwald_illustration_header_drachen5.png 1800w\" sizes=\"auto, (max-width: 1024px) 100vw, 1024px\" \/><\/figure>\n\n\n\n<figure class=\"wp-block-gallery alignfull has-nested-images columns-default is-cropped tw-fixed-cols wp-block-gallery-2 is-layout-flex wp-block-gallery-is-layout-flex\">\n<figure style=\"--tw-animation-delay:0.1s;\" class=\"wp-block-image size-full wp-duotone-unset-1 tw-block-animation tw-animation-fade-in tw-duration-2\"><a class=\"\" href=\"https:\/\/stadtwaldweb.de\/index.php\/portfolio-maerchen-rotkaeppchen\/\"><img loading=\"lazy\" decoding=\"async\" width=\"810\" height=\"1080\" data-id=\"2115\" src=\"https:\/\/stadtwaldweb.de\/wp-content\/uploads\/2026\/04\/portfolio_bilder_freie-arbeit-labor-1.jpg\" alt=\"Zum Portfolio\" class=\"wp-image-2115\" srcset=\"https:\/\/stadtwaldweb.de\/wp-content\/uploads\/2026\/04\/portfolio_bilder_freie-arbeit-labor-1.jpg 810w, https:\/\/stadtwaldweb.de\/wp-content\/uploads\/2026\/04\/portfolio_bilder_freie-arbeit-labor-1-225x300.jpg 225w, https:\/\/stadtwaldweb.de\/wp-content\/uploads\/2026\/04\/portfolio_bilder_freie-arbeit-labor-1-768x1024.jpg 768w\" sizes=\"auto, (max-width: 810px) 100vw, 810px\" \/><\/a><\/figure>\n\n\n\n<figure style=\"--tw-animation-delay:0.1s;\" class=\"wp-block-image size-full tw-block-animation tw-animation-fade-in\"><a href=\"https:\/\/stadtwaldweb.de\/index.php\/portfolio-maerchen-hexe-holunder\/\"><img loading=\"lazy\" decoding=\"async\" width=\"810\" height=\"1080\" data-id=\"2146\" src=\"https:\/\/stadtwaldweb.de\/wp-content\/uploads\/2026\/04\/portfolio_bilder_freie-arbeit-hexe.jpg\" alt=\"Zum Portfolio\" class=\"wp-image-2146\" srcset=\"https:\/\/stadtwaldweb.de\/wp-content\/uploads\/2026\/04\/portfolio_bilder_freie-arbeit-hexe.jpg 810w, https:\/\/stadtwaldweb.de\/wp-content\/uploads\/2026\/04\/portfolio_bilder_freie-arbeit-hexe-225x300.jpg 225w, https:\/\/stadtwaldweb.de\/wp-content\/uploads\/2026\/04\/portfolio_bilder_freie-arbeit-hexe-768x1024.jpg 768w\" sizes=\"auto, (max-width: 810px) 100vw, 810px\" \/><\/a><\/figure>\n\n\n\n<figure style=\"--tw-animation-delay:0.1s;\" class=\"wp-block-image size-full tw-block-animation tw-animation-fade-in\"><a href=\"https:\/\/stadtwaldweb.de\/index.php\/portfolio-ziege-erbse\"><img loading=\"lazy\" decoding=\"async\" width=\"810\" height=\"1080\" data-id=\"2404\" src=\"https:\/\/stadtwaldweb.de\/wp-content\/uploads\/2026\/04\/portfolio_bilder_freie-arbeit-waldexpedition-1.jpg\" alt=\"Zum Portfolio\" class=\"wp-image-2404\" srcset=\"https:\/\/stadtwaldweb.de\/wp-content\/uploads\/2026\/04\/portfolio_bilder_freie-arbeit-waldexpedition-1.jpg 810w, https:\/\/stadtwaldweb.de\/wp-content\/uploads\/2026\/04\/portfolio_bilder_freie-arbeit-waldexpedition-1-225x300.jpg 225w, https:\/\/stadtwaldweb.de\/wp-content\/uploads\/2026\/04\/portfolio_bilder_freie-arbeit-waldexpedition-1-768x1024.jpg 768w\" sizes=\"auto, (max-width: 810px) 100vw, 810px\" \/><\/a><\/figure>\n\n\n\n<figure style=\"--tw-animation-delay:0.1s;\" class=\"wp-block-image size-full tw-block-animation tw-animation-fade-in\"><a href=\"https:\/\/stadtwaldweb.de\/index.php\/portfolio-characterdesign-seemannsgarn\/\"><img loading=\"lazy\" decoding=\"async\" width=\"810\" height=\"1080\" data-id=\"2123\" src=\"https:\/\/stadtwaldweb.de\/wp-content\/uploads\/2026\/04\/portfolio_bilder_freie-arbeit-seemannsgarn.jpg\" alt=\"Zum Portfolio\" class=\"wp-image-2123\" srcset=\"https:\/\/stadtwaldweb.de\/wp-content\/uploads\/2026\/04\/portfolio_bilder_freie-arbeit-seemannsgarn.jpg 810w, https:\/\/stadtwaldweb.de\/wp-content\/uploads\/2026\/04\/portfolio_bilder_freie-arbeit-seemannsgarn-225x300.jpg 225w, https:\/\/stadtwaldweb.de\/wp-content\/uploads\/2026\/04\/portfolio_bilder_freie-arbeit-seemannsgarn-768x1024.jpg 768w\" sizes=\"auto, (max-width: 810px) 100vw, 810px\" \/><\/a><\/figure>\n\n\n\n<figure style=\"--tw-animation-delay:0.1s;\" class=\"wp-block-image size-full tw-block-animation tw-animation-fade-in\"><a href=\"https:\/\/stadtwaldweb.de\/index.php\/portfolio-musik-larifari\/\"><img loading=\"lazy\" decoding=\"async\" width=\"810\" height=\"1080\" data-id=\"2348\" src=\"https:\/\/stadtwaldweb.de\/wp-content\/uploads\/2026\/04\/portfolio_bilder_musik-larifari-jederundjede-1.jpg\" alt=\"Zum Portfolio\" class=\"wp-image-2348\" srcset=\"https:\/\/stadtwaldweb.de\/wp-content\/uploads\/2026\/04\/portfolio_bilder_musik-larifari-jederundjede-1.jpg 810w, https:\/\/stadtwaldweb.de\/wp-content\/uploads\/2026\/04\/portfolio_bilder_musik-larifari-jederundjede-1-225x300.jpg 225w, https:\/\/stadtwaldweb.de\/wp-content\/uploads\/2026\/04\/portfolio_bilder_musik-larifari-jederundjede-1-768x1024.jpg 768w\" sizes=\"auto, (max-width: 810px) 100vw, 810px\" \/><\/a><\/figure>\n\n\n\n<figure class=\"wp-block-image size-full tw-block-animation tw-animation-fade-in\"><a href=\"https:\/\/stadtwaldweb.de\/index.php\/portfolio-spiel-dinobautrupp\"><img decoding=\"async\" data-id=\"2126\" src=\"https:\/\/stadtwaldweb.de\/wp-content\/uploads\/2026\/04\/portfolio_bilder_spiele-spielmaterial-dinobautrupp.jpg\" alt=\"Zum Portfolio\" class=\"wp-image-2126\"\/><\/a><\/figure>\n\n\n\n<figure style=\"--tw-animation-delay:0.1s;\" class=\"wp-block-image size-full tw-block-animation tw-animation-fade-in\"><a href=\"https:\/\/stadtwaldweb.de\/index.php\/portfolio-spiel-pinguine\/\"><img loading=\"lazy\" decoding=\"async\" width=\"810\" height=\"1080\" data-id=\"2138\" src=\"https:\/\/stadtwaldweb.de\/wp-content\/uploads\/2026\/04\/portfolio_bilder_spiele-spielmaterial-pinguine.jpg\" alt=\"Zum Portfolio\" class=\"wp-image-2138\" srcset=\"https:\/\/stadtwaldweb.de\/wp-content\/uploads\/2026\/04\/portfolio_bilder_spiele-spielmaterial-pinguine.jpg 810w, https:\/\/stadtwaldweb.de\/wp-content\/uploads\/2026\/04\/portfolio_bilder_spiele-spielmaterial-pinguine-225x300.jpg 225w, https:\/\/stadtwaldweb.de\/wp-content\/uploads\/2026\/04\/portfolio_bilder_spiele-spielmaterial-pinguine-768x1024.jpg 768w\" sizes=\"auto, (max-width: 810px) 100vw, 810px\" \/><\/a><\/figure>\n\n\n\n<figure style=\"--tw-animation-delay:0.1s;\" class=\"wp-block-image size-full tw-block-animation tw-animation-fade-in\"><a href=\"https:\/\/stadtwaldweb.de\/index.php\/portfolio-kinderleicht-kochen\/\"><img loading=\"lazy\" decoding=\"async\" width=\"810\" height=\"1080\" data-id=\"2143\" src=\"https:\/\/stadtwaldweb.de\/wp-content\/uploads\/2026\/04\/portfolio_bilder_freie-radieschen-schneckenschreck.jpg\" alt=\"Zum Portfolio\" class=\"wp-image-2143\" srcset=\"https:\/\/stadtwaldweb.de\/wp-content\/uploads\/2026\/04\/portfolio_bilder_freie-radieschen-schneckenschreck.jpg 810w, https:\/\/stadtwaldweb.de\/wp-content\/uploads\/2026\/04\/portfolio_bilder_freie-radieschen-schneckenschreck-225x300.jpg 225w, https:\/\/stadtwaldweb.de\/wp-content\/uploads\/2026\/04\/portfolio_bilder_freie-radieschen-schneckenschreck-768x1024.jpg 768w\" sizes=\"auto, (max-width: 810px) 100vw, 810px\" \/><\/a><\/figure>\n\n\n\n<figure style=\"--tw-animation-delay:0.1s;\" class=\"wp-block-image size-full tw-block-animation tw-animation-fade-in\"><a href=\"https:\/\/stadtwaldweb.de\/index.php\/portfolio-alter-ego\/\"><img loading=\"lazy\" decoding=\"async\" width=\"810\" height=\"1080\" data-id=\"2141\" src=\"https:\/\/stadtwaldweb.de\/wp-content\/uploads\/2026\/04\/portfolio_bilder_freie-arbeit-lesen-graustufen.jpg\" alt=\"Zum Portfolio\" class=\"wp-image-2141\" srcset=\"https:\/\/stadtwaldweb.de\/wp-content\/uploads\/2026\/04\/portfolio_bilder_freie-arbeit-lesen-graustufen.jpg 810w, https:\/\/stadtwaldweb.de\/wp-content\/uploads\/2026\/04\/portfolio_bilder_freie-arbeit-lesen-graustufen-225x300.jpg 225w, https:\/\/stadtwaldweb.de\/wp-content\/uploads\/2026\/04\/portfolio_bilder_freie-arbeit-lesen-graustufen-768x1024.jpg 768w\" sizes=\"auto, (max-width: 810px) 100vw, 810px\" \/><\/a><\/figure>\n<\/figure>\n\n\n\n<div class=\"wp-block-group alignfull has-base-2-background-color has-background has-global-padding is-layout-constrained wp-block-group-is-layout-constrained\" style=\"min-height:0px;padding-top:var(--wp--preset--spacing--70);padding-bottom:var(--wp--preset--spacing--70)\">\n<div class=\"wp-block-columns alignwide are-vertically-aligned-top is-layout-flex wp-container-core-columns-is-layout-d0b3c9c8 wp-block-columns-is-layout-flex\">\n<div class=\"wp-block-column is-vertically-aligned-top is-layout-flow wp-block-column-is-layout-flow\">\n<h2 class=\"wp-block-heading\">&#8222;Hey! Ich bin Barbara und zeichne Bilder f\u00fcr Kinder, Buch &amp; Spiel.&#8220;<\/h2>\n\n\n\n<p>Waldtiere mit Forscherdrang, zerstreutes Obst und Tee trinkende Regenw\u00fcrmer sind genau meine Kragenweite.<\/p>\n\n\n\n<div class=\"wp-block-buttons is-layout-flex wp-block-buttons-is-layout-flex\">\n<div class=\"wp-block-button is-style-fill tw-has-icon has-icon__arrow-right\"><a class=\"wp-block-button__link has-contrast-color has-text-color has-link-color wp-element-button\" href=\"https:\/\/stadtwaldweb.de\/index.php\/profil\/\"><mark style=\"background-color:rgba(0, 0, 0, 0)\" class=\"has-inline-color has-contrast-color\"><strong>Mehr \u00fcber  mich<\/strong><\/mark><svg xmlns=\"http:\/\/www.w3.org\/2000\/svg\" viewBox=\"0 0 24 24\" width=\"24\" height=\"24\" aria-hidden=\"true\" focusable=\"false\"><path d=\"M16.175 13H4v-2h12.175l-5.6-5.6L12 4l8 8-8 8-1.425-1.4z\"><\/path><\/svg><\/a><\/div>\n<\/div>\n<\/div>\n\n\n\n<div class=\"wp-block-column is-vertically-aligned-top is-layout-flow wp-block-column-is-layout-flow\">\n<figure style=\"--shape: url(#tw-shape-organic-circle-3);\" class=\"wp-block-image size-full\"><img loading=\"lazy\" decoding=\"async\" width=\"2560\" height=\"2560\" src=\"https:\/\/stadtwaldweb.de\/wp-content\/uploads\/2026\/04\/stadtwaldillustration_barbara-hermanowski_portrait-scaled.jpg\" alt=\"\" class=\"wp-image-2037\" srcset=\"https:\/\/stadtwaldweb.de\/wp-content\/uploads\/2026\/04\/stadtwaldillustration_barbara-hermanowski_portrait-scaled.jpg 2560w, https:\/\/stadtwaldweb.de\/wp-content\/uploads\/2026\/04\/stadtwaldillustration_barbara-hermanowski_portrait-300x300.jpg 300w, https:\/\/stadtwaldweb.de\/wp-content\/uploads\/2026\/04\/stadtwaldillustration_barbara-hermanowski_portrait-1024x1024.jpg 1024w, https:\/\/stadtwaldweb.de\/wp-content\/uploads\/2026\/04\/stadtwaldillustration_barbara-hermanowski_portrait-150x150.jpg 150w, https:\/\/stadtwaldweb.de\/wp-content\/uploads\/2026\/04\/stadtwaldillustration_barbara-hermanowski_portrait-768x768.jpg 768w, https:\/\/stadtwaldweb.de\/wp-content\/uploads\/2026\/04\/stadtwaldillustration_barbara-hermanowski_portrait-1536x1536.jpg 1536w, https:\/\/stadtwaldweb.de\/wp-content\/uploads\/2026\/04\/stadtwaldillustration_barbara-hermanowski_portrait-2048x2048.jpg 2048w\" sizes=\"auto, (max-width: 2560px) 100vw, 2560px\" \/><\/figure>\n<\/div>\n<\/div>\n<\/div>\n\n\n\n<div class=\"wp-block-group alignfull has-global-padding is-layout-constrained wp-block-group-is-layout-constrained\">\n<div class=\"wp-block-columns alignwide tw-cols-stack-md-2 is-layout-flex wp-container-core-columns-is-layout-d0b3c9c8 wp-block-columns-is-layout-flex\">\n<div class=\"wp-block-column is-layout-flow wp-block-column-is-layout-flow\">\n<figure style=\"--tw-animation-delay:0.1s;\" class=\"wp-block-image size-full tw-block-animation tw-animation-fade-in\"><a href=\"https:\/\/gudrun-opladen.de\/pages\/umweltbildung\/rettet-koenigin-hortense.php\" target=\"_blank\" rel=\" noreferrer noopener\"><img loading=\"lazy\" decoding=\"async\" width=\"680\" height=\"800\" src=\"https:\/\/stadtwaldweb.de\/wp-content\/uploads\/2026\/04\/stadtwaldillustration_buchillustration_streuobst_cover72dpi.jpg\" alt=\"Link zum Verlag\" class=\"wp-image-2033\" srcset=\"https:\/\/stadtwaldweb.de\/wp-content\/uploads\/2026\/04\/stadtwaldillustration_buchillustration_streuobst_cover72dpi.jpg 680w, https:\/\/stadtwaldweb.de\/wp-content\/uploads\/2026\/04\/stadtwaldillustration_buchillustration_streuobst_cover72dpi-255x300.jpg 255w\" sizes=\"auto, (max-width: 680px) 100vw, 680px\" \/><\/a><\/figure>\n\n\n\n<h3 class=\"wp-block-heading tw-link-hover-underline has-medium-font-size\"><strong><a href=\"https:\/\/gudrun-opladen.de\/pages\/umweltbildung\/rettet-koenigin-hortense.php\" target=\"_blank\" rel=\"noreferrer noopener\">Rettet K\u00f6nigin Hortense!<\/a><\/strong><svg class=\"genericon genericond-genericons-neue genericons-neue-external genericond-genericons-neue-1x genericond-rotate-normal\" style=\"fill:inherit;\" title=\"external\" role=\"img\" aria-labelledby=\"title\"><use xlink:href=\"https:\/\/stadtwaldweb.de\/wp-content\/plugins\/genericond\/\/icons\/genericons-neue\/svg-sprite\/genericons-neue.svg#external\" \/><\/svg><\/h3>\n\n\n\n<p>Autorin: Gudrun Opladen, Illustratorin: Barbara Hermanowski <\/p>\n\n\n\n<p>Verlag: Drachenhut, 2025<\/p>\n<\/div>\n\n\n\n<div class=\"wp-block-column is-layout-flow wp-block-column-is-layout-flow\">\n<figure style=\"--tw-animation-delay:0.1s;\" class=\"wp-block-image size-full tw-block-animation tw-animation-fade-in\"><a href=\"https:\/\/kraus-verlag.de\/von-krawattenmaennchen-vielfrassen-und-faulpelzinnen\/\" target=\"_blank\" rel=\" noreferrer noopener\"><img loading=\"lazy\" decoding=\"async\" width=\"680\" height=\"800\" src=\"https:\/\/stadtwaldweb.de\/wp-content\/uploads\/2026\/04\/stadtwaldillustration_buchillustration_krawattenmaennchen_cover72dpi.jpg\" alt=\"Link zum Verlag\" class=\"wp-image-2030\" srcset=\"https:\/\/stadtwaldweb.de\/wp-content\/uploads\/2026\/04\/stadtwaldillustration_buchillustration_krawattenmaennchen_cover72dpi.jpg 680w, https:\/\/stadtwaldweb.de\/wp-content\/uploads\/2026\/04\/stadtwaldillustration_buchillustration_krawattenmaennchen_cover72dpi-255x300.jpg 255w\" sizes=\"auto, (max-width: 680px) 100vw, 680px\" \/><\/a><\/figure>\n\n\n\n<h3 class=\"wp-block-heading tw-link-hover-underline has-medium-font-size\"><strong><a href=\"https:\/\/kraus-verlag.de\/von-krawattenmaennchen-vielfrassen-und-faulpelzinnen\/\" target=\"_blank\" rel=\"noreferrer noopener\">Von Krawattenm\u00e4nnchen, Vielfra\u00dfen und Faulpelzinnen<\/a><\/strong><svg class=\"genericon genericond-genericons-neue genericons-neue-external genericond-genericons-neue-1x genericond-rotate-normal\" style=\"fill:inherit;\" title=\"external\" role=\"img\" aria-labelledby=\"title\"><use xlink:href=\"https:\/\/stadtwaldweb.de\/wp-content\/plugins\/genericond\/\/icons\/genericons-neue\/svg-sprite\/genericons-neue.svg#external\" \/><\/svg><\/h3>\n\n\n\n<p>Autor: Juri Johansson, Illustratorin: Barbara Hermanowski<\/p>\n\n\n\n<p>Verlag: Kraus Verlag, 2023 <\/p>\n\n\n\n<p><a href=\"https:\/\/www.ijb.de\/home\/the-white-ravens\/weitere-informationen\/aeltere-white-ravens-ausgaben#c6069\" target=\"_blank\" rel=\"noreferrer noopener\">White Raven Selection 2024<\/a><svg class=\"genericon genericond-genericons-neue genericons-neue-external genericond-genericons-neue-1x genericond-rotate-normal\" style=\"fill:inherit;\" title=\"external\" role=\"img\" aria-labelledby=\"title\"><use xlink:href=\"https:\/\/stadtwaldweb.de\/wp-content\/plugins\/genericond\/\/icons\/genericons-neue\/svg-sprite\/genericons-neue.svg#external\" \/><\/svg><\/p>\n<\/div>\n\n\n\n<div class=\"wp-block-column is-layout-flow wp-block-column-is-layout-flow\">\n<figure style=\"--tw-animation-delay:0.1s;\" class=\"wp-block-image size-full tw-block-animation tw-animation-fade-in\"><a href=\"https:\/\/www.kinderbuch-afheinrich.com\/ich-glaub-ich-spinne\" target=\"_blank\" rel=\" noreferrer noopener\"><img loading=\"lazy\" decoding=\"async\" width=\"680\" height=\"800\" src=\"https:\/\/stadtwaldweb.de\/wp-content\/uploads\/2026\/04\/stadtwaldillustration_buchillustration_ichglaubichspinne_cover72dpi.jpg\" alt=\"Link zur Autorin\" class=\"wp-image-2032\" srcset=\"https:\/\/stadtwaldweb.de\/wp-content\/uploads\/2026\/04\/stadtwaldillustration_buchillustration_ichglaubichspinne_cover72dpi.jpg 680w, https:\/\/stadtwaldweb.de\/wp-content\/uploads\/2026\/04\/stadtwaldillustration_buchillustration_ichglaubichspinne_cover72dpi-255x300.jpg 255w\" sizes=\"auto, (max-width: 680px) 100vw, 680px\" \/><\/a><\/figure>\n\n\n\n<h3 class=\"wp-block-heading tw-link-hover-underline has-medium-font-size\"><strong><a href=\"https:\/\/www.kinderbuch-afheinrich.com\/ich-glaub-ich-spinne\" target=\"_blank\" rel=\"noreferrer noopener\">&#8222;Ich glaub&#8216;, ich spinne&#8220;, sprach das Schwein &#8230;<\/a><\/strong><svg class=\"genericon genericond-genericons-neue genericons-neue-external genericond-genericons-neue-1x genericond-rotate-normal\" style=\"fill:inherit;\" title=\"external\" role=\"img\" aria-labelledby=\"title\"><use xlink:href=\"https:\/\/stadtwaldweb.de\/wp-content\/plugins\/genericond\/\/icons\/genericons-neue\/svg-sprite\/genericons-neue.svg#external\" \/><\/svg><\/h3>\n\n\n\n<p>Autorin: Anne-Friederike Heinrich, Illustratorin: Barbara Hermanowski<\/p>\n\n\n\n<p>Book on Demand, 2022<\/p>\n<\/div>\n\n\n\n<div class=\"wp-block-column is-layout-flow wp-block-column-is-layout-flow\">\n<figure style=\"--tw-animation-delay:0.1s;\" class=\"wp-block-image size-full tw-block-animation tw-animation-fade-in\"><a href=\"https:\/\/www.haba-play.com\/de-de\/p\/der-dino-bautrupp--2013073#variationId=2013073001\" target=\"_blank\" rel=\" noreferrer noopener\"><img loading=\"lazy\" decoding=\"async\" width=\"680\" height=\"800\" src=\"https:\/\/stadtwaldweb.de\/wp-content\/uploads\/2026\/04\/stadtwaldillustration_spieleillustration_dinobautrupp_cover.jpg\" alt=\"Link zum Verlag\" class=\"wp-image-2034\" srcset=\"https:\/\/stadtwaldweb.de\/wp-content\/uploads\/2026\/04\/stadtwaldillustration_spieleillustration_dinobautrupp_cover.jpg 680w, https:\/\/stadtwaldweb.de\/wp-content\/uploads\/2026\/04\/stadtwaldillustration_spieleillustration_dinobautrupp_cover-255x300.jpg 255w\" sizes=\"auto, (max-width: 680px) 100vw, 680px\" \/><\/a><\/figure>\n\n\n\n<h3 class=\"wp-block-heading tw-link-hover-underline has-medium-font-size\"><strong><a href=\"https:\/\/www.haba-play.com\/de-de\/p\/der-dino-bautrupp--2013073#variationId=2013073001\" target=\"_blank\" rel=\"noreferrer noopener\">Der Dinobautrupp<\/a><\/strong><svg class=\"genericon genericond-genericons-neue genericons-neue-external genericond-genericons-neue-1x genericond-rotate-normal\" style=\"fill:inherit;\" title=\"external\" role=\"img\" aria-labelledby=\"title\"><use xlink:href=\"https:\/\/stadtwaldweb.de\/wp-content\/plugins\/genericond\/\/icons\/genericons-neue\/svg-sprite\/genericons-neue.svg#external\" \/><\/svg><\/h3>\n\n\n\n<p>Autor: Rudi Biber, Illustratorin: Barbara Hermanowski<\/p>\n\n\n\n<p>Verlag: Haba, 2026<\/p>\n<\/div>\n<\/div>\n<\/div>\n\n\n\n<p><\/p>\n\n\n\n<div class=\"wp-block-cover alignfull is-light has-parallax wp-duotone-unset-3\"><div class=\"wp-block-cover__image-background wp-image-2100 size-full has-parallax\" style=\"background-position:50% 50%;background-image:url(https:\/\/stadtwaldweb.de\/wp-content\/uploads\/2026\/04\/stadtwald_illustration_cover-ausschnitt-1.jpg)\"><\/div><span aria-hidden=\"true\" class=\"wp-block-cover__background has-background-dim-0 has-background-dim\"><\/span><div class=\"wp-block-cover__inner-container is-layout-flow wp-block-cover-is-layout-flow\">\n<div class=\"wp-block-group alignfull has-global-padding is-layout-constrained wp-block-group-is-layout-constrained\" style=\"padding-top:var(--wp--preset--spacing--70);padding-bottom:var(--wp--preset--spacing--70)\">\n<h2 class=\"wp-block-heading alignwide has-text-align-center tw-text-shadow\" style=\"margin-bottom:var(--wp--preset--spacing--60)\"><strong><mark style=\"background-color:rgba(0, 0, 0, 0)\" class=\"has-inline-color has-base-color\">\u201eNichts dauert bei mir l\u00e4nger, als f\u00fcr menschliche Figuren die passende Kleidung auszuw\u00e4hlen.\u201c<\/mark><\/strong><\/h2>\n\n\n\n<p class=\"has-text-align-center tw-text-shadow tw-text-pretty\"><strong><mark style=\"background-color:rgba(0, 0, 0, 0)\" class=\"has-inline-color has-base-color\">Leicht war nur die Wahl der Krawatten f\u00fcr die Krawattenm\u00e4nnchen von Juri Johansson. Beim Krausverlag (dort wohnen die Krawattenm\u00e4nnchen) gibt es ein Interview mit mir. Da plaudere ich \u00fcber alles M\u00f6gliche, nur nicht \u00fcber Krawatten.<\/mark><\/strong><\/p>\n\n\n\n<div class=\"wp-block-group has-global-padding is-layout-constrained wp-block-group-is-layout-constrained\">\n<div class=\"wp-block-buttons is-content-justification-center is-layout-flex wp-container-core-buttons-is-layout-a89b3969 wp-block-buttons-is-layout-flex\">\n<div class=\"wp-block-button is-style-fill tw-has-icon has-icon__external\"><a class=\"wp-block-button__link has-contrast-color has-text-color has-link-color has-text-align-center wp-element-button\" href=\"https:\/\/kraus-verlag.de\/ein-interview-mit-der-illustratorin-barbara-hermanowski-stadtwald-illustration\/\" target=\"_blank\" rel=\"noreferrer noopener\"><strong><mark style=\"background-color:rgba(0, 0, 0, 0);color:#314846\" class=\"has-inline-color\">Hier geht&#8217;s zum Interview<\/mark><\/strong><svg xmlns=\"http:\/\/www.w3.org\/2000\/svg\" viewBox=\"0 0 24 24\" width=\"24\" height=\"24\" aria-hidden=\"true\" focusable=\"false\"><path d=\"M5 21q-.824 0-1.412-.587A1.93 1.93 0 0 1 3 19V5q0-.824.587-1.412A1.93 1.93 0 0 1 5 3h7v2H5v14h14v-7h2v7q0 .824-.587 1.413A1.93 1.93 0 0 1 19 21zm4.7-5.3-1.4-1.4L17.6 5H14V3h7v7h-2V6.4z\"><\/path><\/svg><\/a><\/div>\n<\/div>\n<\/div>\n<\/div>\n<\/div><\/div>\n","protected":false},"excerpt":{"rendered":"<p>&#8222;Hey! Ich bin Barbara und zeichne Bilder f\u00fcr Kinder, Buch &amp; Spiel.&#8220; Waldtiere mit Forscherdrang, zerstreutes Obst und Tee trinkende Regenw\u00fcrmer sind genau meine Kragenweite. Rettet K\u00f6nigin Hortense! Autorin: Gudrun Opladen, Illustratorin: Barbara Hermanowski Verlag: Drachenhut, 2025 Von Krawattenm\u00e4nnchen, Vielfra\u00dfen und Faulpelzinnen Autor: Juri Johansson, Illustratorin: Barbara Hermanowski Verlag: Kraus Verlag, 2023 White Raven Selection [&hellip;]<\/p>\n","protected":false},"author":1,"featured_media":0,"parent":0,"menu_order":0,"comment_status":"closed","ping_status":"closed","template":"page-transparent-header","meta":{"_themeisle_gutenberg_block_has_review":false,"footnotes":""},"class_list":["post-2","page","type-page","status-publish","hentry"],"_links":{"self":[{"href":"https:\/\/stadtwaldweb.de\/index.php\/wp-json\/wp\/v2\/pages\/2","targetHints":{"allow":["GET"]}}],"collection":[{"href":"https:\/\/stadtwaldweb.de\/index.php\/wp-json\/wp\/v2\/pages"}],"about":[{"href":"https:\/\/stadtwaldweb.de\/index.php\/wp-json\/wp\/v2\/types\/page"}],"author":[{"embeddable":true,"href":"https:\/\/stadtwaldweb.de\/index.php\/wp-json\/wp\/v2\/users\/1"}],"replies":[{"embeddable":true,"href":"https:\/\/stadtwaldweb.de\/index.php\/wp-json\/wp\/v2\/comments?post=2"}],"version-history":[{"count":207,"href":"https:\/\/stadtwaldweb.de\/index.php\/wp-json\/wp\/v2\/pages\/2\/revisions"}],"predecessor-version":[{"id":2570,"href":"https:\/\/stadtwaldweb.de\/index.php\/wp-json\/wp\/v2\/pages\/2\/revisions\/2570"}],"wp:attachment":[{"href":"https:\/\/stadtwaldweb.de\/index.php\/wp-json\/wp\/v2\/media?parent=2"}],"curies":[{"name":"wp","href":"https:\/\/api.w.org\/{rel}","templated":true}]}}