{"id":1147,"date":"2022-11-03T08:43:20","date_gmt":"2022-11-03T07:43:20","guid":{"rendered":"https:\/\/stadtwaldweb.de\/?page_id=1147"},"modified":"2025-04-14T14:30:25","modified_gmt":"2025-04-14T12:30:25","slug":"holzillustration","status":"publish","type":"page","link":"https:\/\/stadtwaldweb.de\/index.php\/start\/holzillustration\/","title":{"rendered":"Holzillustration"},"content":{"rendered":"\n<div class=\"wp-block-columns is-layout-flex wp-container-core-columns-is-layout-28f84493 wp-block-columns-is-layout-flex\">\n<div class=\"wp-block-column is-layout-flow wp-block-column-is-layout-flow\">\n<h4 class=\"wp-block-heading has-foreground-color has-text-color has-link-color wp-elements-7ea5c5b0115ab1bd9bffafab7b1fe5ed\">Analoge Illustrationstechnik<\/h4>\n\n\n\n<p>Am Anfang einer Holzillustration steht immer das Rattern meiner S\u00e4ge und der Duft nach frisch ges\u00e4gtem Holz. <\/p>\n\n\n\n<p>Denn f\u00fcr jedes Motiv werden die Figuren aus Sperrholz ges\u00e4gt und anschlie\u00dfend koloriert und fotografiert.<\/p>\n\n\n\n<p>Die einzelnen Figuren setzen sich in der Regel aus mehreren K\u00f6rperteilen zusammen, die beweglich miteinander verbunden sind. So k\u00f6nnen sie auch dreidimensionale Objekte in den Hufen (oder Pfoten, oder Klauen) halten, wie z.B. eine rote Ukulele oder ein gebundenes Buch.<\/p>\n<\/div>\n\n\n\n<div class=\"wp-block-column is-layout-flow wp-block-column-is-layout-flow\">\n<figure class=\"wp-block-image size-full\"><img loading=\"lazy\" decoding=\"async\" width=\"425\" height=\"694\" src=\"https:\/\/stadtwaldweb.de\/wp-content\/uploads\/2022\/11\/holzillu_wolf-ziege-musik-1.jpg\" alt=\"Wolf und Ziege mit Ukulele\" class=\"wp-image-1198\" srcset=\"https:\/\/stadtwaldweb.de\/wp-content\/uploads\/2022\/11\/holzillu_wolf-ziege-musik-1.jpg 425w, https:\/\/stadtwaldweb.de\/wp-content\/uploads\/2022\/11\/holzillu_wolf-ziege-musik-1-184x300.jpg 184w\" sizes=\"auto, (max-width: 425px) 100vw, 425px\" \/><\/figure>\n<\/div>\n<\/div>\n\n\n\n<div class=\"wp-block-columns is-layout-flex wp-container-core-columns-is-layout-28f84493 wp-block-columns-is-layout-flex\">\n<div class=\"wp-block-column is-layout-flow wp-block-column-is-layout-flow\">\n<figure class=\"wp-block-image size-full\"><img loading=\"lazy\" decoding=\"async\" width=\"680\" height=\"609\" src=\"https:\/\/stadtwaldweb.de\/wp-content\/uploads\/2022\/11\/holzillu_postkartenklein.jpg\" alt=\"Postkarten mit Holzillustrationen\" class=\"wp-image-1489\" srcset=\"https:\/\/stadtwaldweb.de\/wp-content\/uploads\/2022\/11\/holzillu_postkartenklein.jpg 680w, https:\/\/stadtwaldweb.de\/wp-content\/uploads\/2022\/11\/holzillu_postkartenklein-300x269.jpg 300w\" sizes=\"auto, (max-width: 680px) 100vw, 680px\" \/><\/figure>\n<\/div>\n\n\n\n<div class=\"wp-block-column is-layout-flow wp-block-column-is-layout-flow\">\n<figure class=\"wp-block-image size-full\"><a href=\"https:\/\/stadtwaldweb.de\/index.php\/start\/postkarten\/\"><img loading=\"lazy\" decoding=\"async\" width=\"680\" height=\"425\" src=\"https:\/\/stadtwaldweb.de\/wp-content\/uploads\/2022\/11\/holzillu_postkartenklein-typo.jpg\" alt=\"Viele der Figuren finden sich auf Postkarten wieder.\" class=\"wp-image-1490\" srcset=\"https:\/\/stadtwaldweb.de\/wp-content\/uploads\/2022\/11\/holzillu_postkartenklein-typo.jpg 680w, https:\/\/stadtwaldweb.de\/wp-content\/uploads\/2022\/11\/holzillu_postkartenklein-typo-300x188.jpg 300w\" sizes=\"auto, (max-width: 680px) 100vw, 680px\" \/><\/a><\/figure>\n<\/div>\n<\/div>\n\n\n\n<div class=\"wp-block-columns is-layout-flex wp-container-core-columns-is-layout-a4e2535c wp-block-columns-is-layout-flex\" style=\"border-style:none;border-width:0px;border-radius:0px;margin-top:var(--wp--preset--spacing--60);margin-bottom:var(--wp--preset--spacing--60);padding-top:0;padding-right:0;padding-bottom:0;padding-left:0\">\n<div class=\"wp-block-column is-layout-flow wp-block-column-is-layout-flow\">\n<figure class=\"wp-block-video\"><video height=\"640\" style=\"aspect-ratio: 640 \/ 640;\" width=\"640\" controls src=\"https:\/\/stadtwaldweb.de\/wp-content\/uploads\/2022\/11\/InShot_20210301_135109234.mp4\"><\/video><\/figure>\n<\/div>\n\n\n\n<div class=\"wp-block-column is-layout-flow wp-block-column-is-layout-flow\">\n<figure class=\"wp-block-image size-large\"><img loading=\"lazy\" decoding=\"async\" width=\"1024\" height=\"1024\" src=\"https:\/\/stadtwaldweb.de\/wp-content\/uploads\/2022\/11\/holzillu_meerschweinsaege-1024x1024.jpg\" alt=\"Ges\u00e4gter Figurrohling\" class=\"wp-image-1483\" srcset=\"https:\/\/stadtwaldweb.de\/wp-content\/uploads\/2022\/11\/holzillu_meerschweinsaege-1024x1024.jpg 1024w, https:\/\/stadtwaldweb.de\/wp-content\/uploads\/2022\/11\/holzillu_meerschweinsaege-300x300.jpg 300w, https:\/\/stadtwaldweb.de\/wp-content\/uploads\/2022\/11\/holzillu_meerschweinsaege-150x150.jpg 150w, https:\/\/stadtwaldweb.de\/wp-content\/uploads\/2022\/11\/holzillu_meerschweinsaege-768x768.jpg 768w, https:\/\/stadtwaldweb.de\/wp-content\/uploads\/2022\/11\/holzillu_meerschweinsaege.jpg 1080w\" sizes=\"auto, (max-width: 1024px) 100vw, 1024px\" \/><\/figure>\n<\/div>\n\n\n\n<div class=\"wp-block-column is-layout-flow wp-container-core-column-is-layout-69fcd244 wp-block-column-is-layout-flow\" style=\"padding-top:0;padding-right:0;padding-bottom:0;padding-left:0\">\n<figure class=\"wp-block-image size-large\"><a href=\"https:\/\/stadtwaldweb.de\/wp-content\/uploads\/2022\/11\/holzillu_meerschweinkoloriert-1.jpg\"><img loading=\"lazy\" decoding=\"async\" width=\"1024\" height=\"1024\" src=\"https:\/\/stadtwaldweb.de\/wp-content\/uploads\/2022\/11\/holzillu_meerschweinkoloriert-1-1024x1024.jpg\" alt=\"Kolorierte Holzfigur\" class=\"wp-image-1488\" srcset=\"https:\/\/stadtwaldweb.de\/wp-content\/uploads\/2022\/11\/holzillu_meerschweinkoloriert-1-1024x1024.jpg 1024w, https:\/\/stadtwaldweb.de\/wp-content\/uploads\/2022\/11\/holzillu_meerschweinkoloriert-1-300x300.jpg 300w, https:\/\/stadtwaldweb.de\/wp-content\/uploads\/2022\/11\/holzillu_meerschweinkoloriert-1-150x150.jpg 150w, https:\/\/stadtwaldweb.de\/wp-content\/uploads\/2022\/11\/holzillu_meerschweinkoloriert-1-768x768.jpg 768w, https:\/\/stadtwaldweb.de\/wp-content\/uploads\/2022\/11\/holzillu_meerschweinkoloriert-1.jpg 1080w\" sizes=\"auto, (max-width: 1024px) 100vw, 1024px\" \/><\/a><\/figure>\n<\/div>\n<\/div>\n\n\n\n<div class=\"wp-block-columns is-layout-flex wp-container-core-columns-is-layout-28f84493 wp-block-columns-is-layout-flex\">\n<div class=\"wp-block-column is-layout-flow wp-block-column-is-layout-flow\" style=\"flex-basis:33.33%\">\n<p>Beim Kolorieren kommt die Maserung des Holzes erst richtig zur Geltung. Sie verleiht den Figuren ihre unverwechselbare Textur.<\/p>\n<\/div>\n\n\n\n<div class=\"wp-block-column is-layout-flow wp-block-column-is-layout-flow\" style=\"flex-basis:66.66%\">\n<figure class=\"wp-block-image size-full\"><img loading=\"lazy\" decoding=\"async\" width=\"920\" height=\"638\" src=\"https:\/\/stadtwaldweb.de\/wp-content\/uploads\/2022\/11\/holzillu_material.jpg\" alt=\"\" class=\"wp-image-1551\" srcset=\"https:\/\/stadtwaldweb.de\/wp-content\/uploads\/2022\/11\/holzillu_material.jpg 920w, https:\/\/stadtwaldweb.de\/wp-content\/uploads\/2022\/11\/holzillu_material-300x208.jpg 300w, https:\/\/stadtwaldweb.de\/wp-content\/uploads\/2022\/11\/holzillu_material-768x533.jpg 768w\" sizes=\"auto, (max-width: 920px) 100vw, 920px\" \/><\/figure>\n<\/div>\n<\/div>\n\n\n\n<div id=\"wp-block-themeisle-blocks-advanced-columns-1fa3dd3b\" class=\"wp-block-themeisle-blocks-advanced-columns has-1-columns has-desktop-equal-layout has-tablet-equal-layout has-mobile-equal-layout has-vertical-unset\"><div class=\"wp-block-themeisle-blocks-advanced-columns-overlay\"><\/div><div class=\"innerblocks-wrap\">\n<div id=\"wp-block-themeisle-blocks-advanced-column-bad755d2\" class=\"wp-block-themeisle-blocks-advanced-column\">\n<div id=\"wp-block-themeisle-blocks-slider-ab2c93d1\" class=\"wp-block-themeisle-blocks-slider glide\" data-per-view=\"1\" data-gap=\"0\" data-peek=\"0\" data-autoplay=\"false\" data-height=\"400px\" data-hide-arrows=\"false\"><div class=\"glide__track\" data-glide-el=\"track\"><div class=\"glide__slides\"><div class=\"wp-block-themeisle-blocks-slider-item-wrapper glide__slide\" tabindex=\"0\"><figure><img decoding=\"async\" class=\"wp-block-themeisle-blocks-slider-item\" src=\"https:\/\/stadtwaldweb.de\/wp-content\/uploads\/2022\/12\/holzillu_slider_schweinarschbombe.jpg\" alt=\"\" title=\"\" data-id=\"1661\"\/><\/figure><\/div><div class=\"wp-block-themeisle-blocks-slider-item-wrapper glide__slide\" tabindex=\"0\"><figure><img decoding=\"async\" class=\"wp-block-themeisle-blocks-slider-item\" src=\"https:\/\/stadtwaldweb.de\/wp-content\/uploads\/2022\/12\/holzillu_slider_alpakas.jpg\" alt=\"\" title=\"\" data-id=\"1659\"\/><\/figure><\/div><div class=\"wp-block-themeisle-blocks-slider-item-wrapper glide__slide\" tabindex=\"0\"><figure><img decoding=\"async\" class=\"wp-block-themeisle-blocks-slider-item\" src=\"https:\/\/stadtwaldweb.de\/wp-content\/uploads\/2022\/12\/holzillu_slider_huhn.jpg\" alt=\"\" title=\"\" data-id=\"1660\"\/><\/figure><\/div><\/div><div class=\"glide__bullets\" data-glide-el=\"controls[nav]\"><button class=\"glide__bullet\" data-glide-dir=\"=0\"><\/button><button class=\"glide__bullet\" data-glide-dir=\"=1\"><\/button><button class=\"glide__bullet\" data-glide-dir=\"=2\"><\/button><\/div><\/div><\/div>\n<\/div>\n<\/div><\/div>\n","protected":false},"excerpt":{"rendered":"<p>Analoge Illustrationstechnik Am Anfang einer Holzillustration steht immer das Rattern meiner S\u00e4ge und der Duft nach frisch ges\u00e4gtem Holz. Denn f\u00fcr jedes Motiv werden die Figuren aus Sperrholz ges\u00e4gt und anschlie\u00dfend koloriert und fotografiert. Die einzelnen Figuren setzen sich in der Regel aus mehreren K\u00f6rperteilen zusammen, die beweglich miteinander verbunden sind. So k\u00f6nnen sie auch [&hellip;]<\/p>\n","protected":false},"author":1,"featured_media":0,"parent":6,"menu_order":1,"comment_status":"closed","ping_status":"closed","template":"","meta":{"_themeisle_gutenberg_block_has_review":false,"footnotes":""},"class_list":["post-1147","page","type-page","status-publish","hentry"],"_links":{"self":[{"href":"https:\/\/stadtwaldweb.de\/index.php\/wp-json\/wp\/v2\/pages\/1147","targetHints":{"allow":["GET"]}}],"collection":[{"href":"https:\/\/stadtwaldweb.de\/index.php\/wp-json\/wp\/v2\/pages"}],"about":[{"href":"https:\/\/stadtwaldweb.de\/index.php\/wp-json\/wp\/v2\/types\/page"}],"author":[{"embeddable":true,"href":"https:\/\/stadtwaldweb.de\/index.php\/wp-json\/wp\/v2\/users\/1"}],"replies":[{"embeddable":true,"href":"https:\/\/stadtwaldweb.de\/index.php\/wp-json\/wp\/v2\/comments?post=1147"}],"version-history":[{"count":32,"href":"https:\/\/stadtwaldweb.de\/index.php\/wp-json\/wp\/v2\/pages\/1147\/revisions"}],"predecessor-version":[{"id":1823,"href":"https:\/\/stadtwaldweb.de\/index.php\/wp-json\/wp\/v2\/pages\/1147\/revisions\/1823"}],"up":[{"embeddable":true,"href":"https:\/\/stadtwaldweb.de\/index.php\/wp-json\/wp\/v2\/pages\/6"}],"wp:attachment":[{"href":"https:\/\/stadtwaldweb.de\/index.php\/wp-json\/wp\/v2\/media?parent=1147"}],"curies":[{"name":"wp","href":"https:\/\/api.w.org\/{rel}","templated":true}]}}